{"id":17,"date":"2021-12-25T19:42:59","date_gmt":"2021-12-25T18:42:59","guid":{"rendered":"http:\/\/tous-proprietaires.nebru.me\/?page_id=17"},"modified":"2022-02-08T10:21:15","modified_gmt":"2022-02-08T09:21:15","slug":"le-projet","status":"publish","type":"page","link":"http:\/\/tous-proprietaires.nebru.me\/index.php\/le-projet\/","title":{"rendered":"Le projet"},"content":{"rendered":"\t\t<div data-elementor-type=\"wp-page\" data-elementor-id=\"17\" class=\"elementor elementor-17\">\n\t\t\t\t\t\t<section class=\"elementor-section elementor-top-section elementor-element elementor-element-81c43e1 elementor-section-boxed elementor-section-height-default elementor-section-height-default\" data-id=\"81c43e1\" data-element_type=\"section\" data-e-type=\"section\">\n\t\t\t\t\t\t<div class=\"elementor-container elementor-column-gap-default\">\n\t\t\t\t\t<div class=\"elementor-column elementor-col-100 elementor-top-column elementor-element elementor-element-4a85709\" data-id=\"4a85709\" data-element_type=\"column\" data-e-type=\"column\">\n\t\t\t<div class=\"elementor-widget-wrap elementor-element-populated\">\n\t\t\t\t\t\t<div class=\"elementor-element elementor-element-cae61a0 elementor-widget elementor-widget-heading\" data-id=\"cae61a0\" data-element_type=\"widget\" data-e-type=\"widget\" data-widget_type=\"heading.default\">\n\t\t\t\t<div class=\"elementor-widget-container\">\n\t\t\t\t\t<h2 class=\"elementor-heading-title elementor-size-default\">Le projet<\/h2>\t\t\t\t<\/div>\n\t\t\t\t<\/div>\n\t\t\t\t\t<\/div>\n\t\t<\/div>\n\t\t\t\t\t<\/div>\n\t\t<\/section>\n\t\t\t\t<section class=\"elementor-section elementor-top-section elementor-element elementor-element-26bb753 elementor-section-boxed elementor-section-height-default elementor-section-height-default\" data-id=\"26bb753\" data-element_type=\"section\" data-e-type=\"section\">\n\t\t\t\t\t\t<div class=\"elementor-container elementor-column-gap-default\">\n\t\t\t\t\t<div class=\"elementor-column elementor-col-33 elementor-top-column elementor-element elementor-element-d428294\" data-id=\"d428294\" data-element_type=\"column\" data-e-type=\"column\">\n\t\t\t<div class=\"elementor-widget-wrap elementor-element-populated\">\n\t\t\t\t\t\t<div class=\"elementor-element elementor-element-f2d5ba0 elementor-widget elementor-widget-heading\" data-id=\"f2d5ba0\" data-element_type=\"widget\" data-e-type=\"widget\" data-widget_type=\"heading.default\">\n\t\t\t\t<div class=\"elementor-widget-container\">\n\t\t\t\t\t<h3 class=\"elementor-heading-title elementor-size-default\">Pourquoi cette conf\u00e9rence gesticul\u00e9e ?<\/h3>\t\t\t\t<\/div>\n\t\t\t\t<\/div>\n\t\t\t\t<div class=\"elementor-element elementor-element-c90bc6f elementor-widget elementor-widget-text-editor\" data-id=\"c90bc6f\" data-element_type=\"widget\" data-e-type=\"widget\" data-widget_type=\"text-editor.default\">\n\t\t\t\t<div class=\"elementor-widget-container\">\n\t\t\t\t\t\t\t\t\t<p>\u00c7a devait \u00eatre en 2006, <a href=\"https:\/\/france.attac.org\/\" target=\"_blank\" rel=\"noopener\">Attac<\/a> organisait son universit\u00e9 d&rsquo;\u00e9t\u00e9 pas tr\u00e8s loin de chez moi et avait invit\u00e9 <a href=\"https:\/\/fr.wikipedia.org\/wiki\/Franck_Lepage\" target=\"_blank\" rel=\"noopener\">Franck Lepage<\/a>, \u00ab\u00a0l&rsquo;inventeur\u00a0\u00bb du concept des conf\u00e9rences gesticul\u00e9es dont il pr\u00e9sentait sa premi\u00e8re cr\u00e9ation. Bluff\u00e9 par l&rsquo;intelligence de ce format qui r\u00e9inventait radicalement de genre de la conf\u00e9rence pour en faire un g\u00e9nial levier d&rsquo;\u00e9ducation populaire, je m&rsquo;\u00e9tais promis qu&rsquo;un jour je m&rsquo;y essaierai.<\/p><p>Cela a pris quelques ann\u00e9es quand m\u00eame, \u00ab\u00a0le temps d&rsquo;en trouver le temps\u00a0\u00bb gr\u00e2ce \u00e0 la retraite et surtout le temps de trouver le sujet dont j&rsquo;aurais envie de parler sous cette forme.<\/p><p>C&rsquo;est donc en 2018 que je me suis lanc\u00e9 dans l&rsquo;\u00e9criture de cette conf\u00e9rence sur les (biens) <strong>communs<\/strong>, que j&rsquo;ai tr\u00e8s vite baptis\u00e9e \u00ab\u00a0<span style=\"text-decoration: underline;\">tous propri\u00e9taires<\/span>\u00a0\u00bb en r\u00e9f\u00e9rence au slogan d\u00e9magogique et irresponsable brandi en 2007 par Nicolas Sarkosy.<\/p><p>Comme je le raconte dans ma conf\u00e9rence, j&rsquo;ai d\u00e9couvert\u00a0 cette notion des communs \u00e0 l&rsquo;occasion du prix Nobel d&rsquo;\u00e9conomie attribu\u00e9 \u00e0 Elinor Ostrom et pris conscience de la r\u00e9sonance qu&rsquo;elle avait au regard de mon parcours et de mes convictions.<\/p><p>Mais ces ces presque dix ans n&rsquo;ont pas \u00e9t\u00e9 de trop pour passer de la d\u00e9couverte du concept \u00e0 sa compr\u00e9hension, de sa compr\u00e9hension \u00e0 la capacit\u00e9 d&rsquo;en parler, de l&rsquo;envie d&rsquo;en parler \u00e0 l&rsquo;\u00e9criture et la mise en sc\u00e8ne de cette conf\u00e9rence.<\/p>\t\t\t\t\t\t\t\t<\/div>\n\t\t\t\t<\/div>\n\t\t\t\t\t<\/div>\n\t\t<\/div>\n\t\t\t\t<div class=\"elementor-column elementor-col-66 elementor-top-column elementor-element elementor-element-4f24837\" data-id=\"4f24837\" data-element_type=\"column\" data-e-type=\"column\">\n\t\t\t<div class=\"elementor-widget-wrap elementor-element-populated\">\n\t\t\t\t\t\t<div class=\"elementor-element elementor-element-6efec67 elementor-widget elementor-widget-heading\" data-id=\"6efec67\" data-element_type=\"widget\" data-e-type=\"widget\" data-widget_type=\"heading.default\">\n\t\t\t\t<div class=\"elementor-widget-container\">\n\t\t\t\t\t<h2 class=\"elementor-heading-title elementor-size-default\">Le making off<\/h2>\t\t\t\t<\/div>\n\t\t\t\t<\/div>\n\t\t\t\t<div class=\"elementor-element elementor-element-5e67d3e elementor-drop-cap-yes elementor-drop-cap-view-default elementor-widget elementor-widget-text-editor\" data-id=\"5e67d3e\" data-element_type=\"widget\" data-e-type=\"widget\" data-settings=\"{&quot;drop_cap&quot;:&quot;yes&quot;}\" data-widget_type=\"text-editor.default\">\n\t\t\t\t<div class=\"elementor-widget-container\">\n\t\t\t\t\t\t\t\t\t<p>Comment con\u00e7oit-on une conf\u00e9rence gesticul\u00e9e ? Une petite dizaine d&rsquo;organismes de formation de l&rsquo;Education Populaire proposent des stages pour \u00e9crire et mettre en sc\u00e8ne son projet de conf\u00e9rence. En ce qui me concerne, j&rsquo;ai eu envie de me d\u00e9brouiller par moi m\u00eame, non pas que je jugeais ces formations inutiles ou mal con\u00e7ues (plusieurs de mes ami-es les ont suivies avec succ\u00e8s), mais parce que j&rsquo;ai eu envie de relever le d\u00e9fi intellectuel et personnel que repr\u00e9sentait d&rsquo;une part, le travail de synth\u00e8se et de p\u00e9dagogie sur un sujet aussi complexe et d&rsquo;autre part, le risque de monter sur une sc\u00e8ne en donnant de soi personnellement.<\/p><p>Cela m&rsquo;a pris une bonne ann\u00e9e, je me suis d&rsquo;abord attel\u00e9 \u00e0 recueillir la mati\u00e8re premi\u00e8re de ma conf\u00e9rence, c&rsquo;est \u00e0 dire les id\u00e9es, les analyses, les concepts que j&rsquo;avais moi m\u00eame mis du temps \u00e0 comprendre et que je voulais maintenant partager. Je me suis cr\u00e9\u00e9 pour cela une biblioth\u00e8que d&rsquo;extraits de textes, que j&rsquo;ai ensuite cherch\u00e9 \u00e0 illustrer par des exemples concrets.<\/p><p>Puis dans un deuxi\u00e8me temps, je me suis interrog\u00e9 sur mon parcours personnel et qui faisait que cette th\u00e9matique des communs m&rsquo;avait \u00e0 ce point interpell\u00e9. C&rsquo;est ce qui m&rsquo;a permis d&rsquo;imaginer l&rsquo;introduction de la conf\u00e9rence o\u00f9 je parle de ma sensibilisation au th\u00e8me de la propri\u00e9t\u00e9 et de mes exp\u00e9riences coop\u00e9ratives.<\/p><p>La suite a consist\u00e9 \u00e0 \u00e9crire un plan et un d\u00e9roul\u00e9, en essayant d&rsquo;imaginer comment alterner les savoirs chauds, les savoirs froids, des temps d&rsquo;interaction avec le public et des s\u00e9quences jou\u00e9es sous forme de sketches. Il a fallu laisser m\u00fbrir les id\u00e9es pour que le fil conducteur apparaisse progressivement.<\/p><p>Puis est venue la phase d&rsquo;\u00e9criture. Bien que je ne voyais pas \u00ab\u00a0dire\u00a0\u00bb un texte appris par c\u0153ur, j&rsquo;ai \u00e9prouv\u00e9 le besoin de r\u00e9diger mon propos dans un style parl\u00e9. Cela m&rsquo;a permis de r\u00f4der certaines phrase que je vais ensuite utiliser de mani\u00e8re r\u00e9currents comme \u00ab\u00a0je ne suis qu&rsquo;un pauvre mec\u00a0\u00bb ou encore \u00ab\u00a0Elinor je t&rsquo;adore\u00a0\u00bb.<\/p><p>Il restait enfin \u00e0 me mettre en sc\u00e8ne, moi qui n&rsquo;avais jamais fait de th\u00e9\u00e2tre !\u00a0 Je me suis appuy\u00e9 pour cela sur mon beau-fr\u00e8re Denis, com\u00e9dien et metteur en sc\u00e8ne, qui a accept\u00e9 de me faire travailler en r\u00e9sidence chez lui pendant une semaine. Je ne cache pas que \u00e7a a \u00e9t\u00e9 le moment le plus difficile de cette aventure. Habitu\u00e9 que j&rsquo;\u00e9tais \u00e0 donner des conf\u00e9rences s\u00e9rieuses et classiques, j&rsquo;ai eu beaucoup de mal \u00e0 int\u00e9grer et accepter les codes de la sc\u00e8ne, ce qui m&rsquo;a valu des enguelades m\u00e9morables de mon beauf. Mais on y est arriv\u00e9 et j&rsquo;ai pu jouer une premi\u00e8re fois ma conf\u00e9rence \u00ab\u00a0en sortie de r\u00e9sidence\u00a0\u00bb devant un petit cercle familial et amical.<\/p><p>Enfin, quelques semaines plus tard, je jouais ma \u00ab\u00a0premi\u00e8re\u00a0\u00bb devant une centaine de personnes r\u00e9unies \u00e0 l&rsquo;occasion des trente ans de la coop\u00e9rative Sapie dont j&rsquo;avais \u00e9t\u00e9 un des co-fondateurs.<\/p>\t\t\t\t\t\t\t\t<\/div>\n\t\t\t\t<\/div>\n\t\t\t\t\t<\/div>\n\t\t<\/div>\n\t\t\t\t\t<\/div>\n\t\t<\/section>\n\t\t\t\t<\/div>\n\t\t","protected":false},"excerpt":{"rendered":"<p>Le projet Pourquoi cette conf\u00e9rence gesticul\u00e9e ? \u00c7a devait \u00eatre en 2006, Attac organisait son universit\u00e9 d&rsquo;\u00e9t\u00e9 pas tr\u00e8s loin de chez moi et avait invit\u00e9 Franck Lepage, \u00ab\u00a0l&rsquo;inventeur\u00a0\u00bb du [&hellip;]<\/p>\n","protected":false},"author":1,"featured_media":0,"parent":0,"menu_order":0,"comment_status":"closed","ping_status":"closed","template":"","meta":{"om_disable_all_campaigns":false,"_monsterinsights_skip_tracking":false,"_monsterinsights_sitenote_active":false,"_monsterinsights_sitenote_note":"","_monsterinsights_sitenote_category":0,"footnotes":""},"class_list":["post-17","page","type-page","status-publish","hentry"],"aioseo_notices":[],"_links":{"self":[{"href":"http:\/\/tous-proprietaires.nebru.me\/index.php\/wp-json\/wp\/v2\/pages\/17","targetHints":{"allow":["GET"]}}],"collection":[{"href":"http:\/\/tous-proprietaires.nebru.me\/index.php\/wp-json\/wp\/v2\/pages"}],"about":[{"href":"http:\/\/tous-proprietaires.nebru.me\/index.php\/wp-json\/wp\/v2\/types\/page"}],"author":[{"embeddable":true,"href":"http:\/\/tous-proprietaires.nebru.me\/index.php\/wp-json\/wp\/v2\/users\/1"}],"replies":[{"embeddable":true,"href":"http:\/\/tous-proprietaires.nebru.me\/index.php\/wp-json\/wp\/v2\/comments?post=17"}],"version-history":[{"count":118,"href":"http:\/\/tous-proprietaires.nebru.me\/index.php\/wp-json\/wp\/v2\/pages\/17\/revisions"}],"predecessor-version":[{"id":1194,"href":"http:\/\/tous-proprietaires.nebru.me\/index.php\/wp-json\/wp\/v2\/pages\/17\/revisions\/1194"}],"wp:attachment":[{"href":"http:\/\/tous-proprietaires.nebru.me\/index.php\/wp-json\/wp\/v2\/media?parent=17"}],"curies":[{"name":"wp","href":"https:\/\/api.w.org\/{rel}","templated":true}]}}